{"id":220,"date":"2025-05-13T13:32:16","date_gmt":"2025-05-13T13:32:16","guid":{"rendered":"http:\/\/localhost:8082\/branchenloesungen\/schallschutz-industrie\/"},"modified":"2025-08-07T09:57:04","modified_gmt":"2025-08-07T09:57:04","slug":"soundproofing-industry","status":"publish","type":"page","link":"https:\/\/kaschwig.de\/en\/branchenloesungen\/schallschutz-industrie\/","title":{"rendered":"Sound insulation industry"},"content":{"rendered":"<section id=\"block_e23ee82edcb2e434a5960004d085c142\" class=\"w-full text-image-split-hero\">\n    <div class=\"container-padding\">\n        <div class=\"grid grid-cols-1 md:grid-cols-[62%_38%] bg-teal text-white\">\n            <!-- Text Column -->\n            <div class=\"column-padding-default\">\n                                                     <div class=\"prose\">\n                        <ul>\n<li><span style=\"color: #e60005\">STILLE,<\/span><strong><span style=\"color: #e60005\"> DIE WIRKT<\/span><\/strong><\/li>\n<\/ul>\n<p><!--more--><\/p>\n<h1>Schallschutz f\u00fcr die Industrie<\/h1>\n<p>&nbsp;<\/p>\n<p>Intensive Produktion bedeutet immer auch intensiver L\u00e4rm. Von kreischenden S\u00e4gen bis zu donnernden H\u00e4mmern sind die L\u00e4rmquellen dabei vielf\u00e4ltig und stellen besondere Herausforderungen an Arbeits- und Schallschutz. Mit 40 Jahren Erfahrung kennen wir die jeweiligen Gegebenheiten Ihrer Branche aus dem Effeff und entwickeln ma\u00dfgeschneiderten modularen und individuellen Schallschutz f\u00fcr die Industrie.<\/p>\n<p>&nbsp;<\/p>\n<p><span style=\"color: #e60005\"><strong>Profitieren auch Sie von nahtloser Expertise<\/strong><\/span><br \/>\n<strong>in der Analyse, Beratung, Konstruktion,<\/strong><br \/>\n<strong>Montage und im After-Sales-Bereich.<\/strong><\/p>                    <\/div>\n                                \n                            <\/div>\n            \n            <!-- Image Column -->\n            <div class=\"relative h-full overflow-hidden min-h-[250px] md:min-h-[350px] lg:min-h-[400px] xl:min-h-[350px] flex justify-end\">\n                                    <img decoding=\"async\" src=\"https:\/\/kaschwig.de\/wp-content\/uploads\/2025\/05\/Teammember_2.png\" \n                        alt=\"\" \n                        class=\"max-h-[360px] object-contain object-right-bottom ml-auto md:max-h-full md:absolute md:right-0 md:bottom-0 md:w-auto md:h-full\" \/>\n                            <\/div>\n        <\/div>\n    <\/div>\n<\/section>\n\n\n<section id=\"block_009345260d5b10fd632cc62ba551568e\" class=\"w-full text-content\">\n    <div class=\"container-padding\">\n        <div class=\"bg-secondary\">\n                        <div class=\"column-padding-default\">\n                                    <div class=\"prose text-white\">\n                        <p><strong><span style=\"color: #e60005\">Bedarfsgerechte L\u00f6sungen<\/span><\/strong><\/p>\n<h2>F\u00fcr zahlreiche Branchen<\/h2>\n<p>&nbsp;<\/p>\n<p>Egal ob Glas-, Baustoff- und Recycling-Industrie auf der einen oder Holz- und Metallverarbeitung auf der anderen Seite \u2013 unser Schallschutz sorgt in Ihren Industriehallen f\u00fcr angenehmes Arbeiten.<\/p>                    <\/div>\n                                \n                                                            <\/div>\n        <\/div>\n    <\/div>\n<\/section>\n\n\n<section id=\"block_b4c2ed8120e370d9f26f6d3dbe88db7d\" class=\"w-full image-text-columns\">\n    <div class=\"container-padding\">\n        <div class=\"bg-white\">\n            <div>\n                                \n                                    <div class=\"grid grid-cols-1 md:grid-cols-5 custom-gap mt-4 equal-height-grid\">\n                                                    <div class=\"flex flex-col h-full\">\n\n                                                                    <!-- Image Box -->\n                                    <div class=\"bg-white\">\n                                        <img decoding=\"async\" src=\"https:\/\/kaschwig.de\/wp-content\/uploads\/2025\/07\/Kaschwig_Holzbearbeitung.jpg\"\n                                             alt=\"\"\n                                             class=\"w-full\" \/>\n                                    <\/div>\n                                                                \n                                <!-- Text Content Box with spacing -->\n                                                                <div class=\"bg-secondary flex-1 column-padding-sm flex flex-col\">\n                                                                        \n                                                                            <div class=\"prose mb-3 p-small-max text-white\">\n                                            <h3 class=\"p\"><strong>Holzverarbeitung<\/strong><\/h3>\n<p>&nbsp;<\/p>\n<p>Zuschneiden, profilieren, s\u00e4gen, fr\u00e4sen, verleimen, bohren \u2013 die Bandbreite der Holzverarbeitungsm\u00f6glichkeiten ist sehr gro\u00df. Entsprechend komplex sind auch die Anforderungen an den Schallschutz.<\/p>                                        <\/div>\n                                                                        \n                                                                            <div class=\"mt-auto\">\n                                            <a href=\"https:\/\/kaschwig.de\/branchenloesungen\/holzverarbeitung\/\" \n                                               class=\"inline-flex items-center justify-center px-5 py-3 btn btn-secondary btn-small\"\n                                               >\n                                                Mehr erfahren                                            <\/a>\n                                        <\/div>\n                                                                    <\/div>\n                            <\/div>\n                                                    <div class=\"flex flex-col h-full\">\n\n                                                                    <!-- Image Box -->\n                                    <div class=\"bg-white\">\n                                        <img decoding=\"async\" src=\"https:\/\/kaschwig.de\/wp-content\/uploads\/2025\/07\/Metallverarbeitung-e1753128281105.jpg\"\n                                             alt=\"\"\n                                             class=\"w-full\" \/>\n                                    <\/div>\n                                                                \n                                <!-- Text Content Box with spacing -->\n                                                                <div class=\"bg-secondary flex-1 column-padding-sm flex flex-col\">\n                                                                        \n                                                                            <div class=\"prose mb-3 p-small-max text-white\">\n                                            <h3 class=\"p\"><strong>Metallverarbeitung<\/strong><\/h3>\n<p>&nbsp;<\/p>\n<p>Starke Kr\u00e4fte f\u00fcr Verformungen, Trennungen und Bearbeitungen erzeugen dabei zwangsl\u00e4ufig hohe L\u00e4rmpegel. Deswegen bedarf es hochwertiger L\u00f6sungen f\u00fcr den L\u00e4rmschutz in der Metallverarbeitung.<\/p>                                        <\/div>\n                                                                        \n                                                                            <div class=\"mt-auto\">\n                                            <a href=\"https:\/\/kaschwig.de\/branchenloesungen\/holzverarbeitung\/\" \n                                               class=\"inline-flex items-center justify-center px-5 py-3 btn btn-secondary btn-small\"\n                                               >\n                                                Mehr erfahren                                            <\/a>\n                                        <\/div>\n                                                                    <\/div>\n                            <\/div>\n                                                    <div class=\"flex flex-col h-full\">\n\n                                                                    <!-- Image Box -->\n                                    <div class=\"bg-white\">\n                                        <img decoding=\"async\" src=\"https:\/\/kaschwig.de\/wp-content\/uploads\/2025\/07\/Glasindustrie-scaled-e1753128347617.jpg\"\n                                             alt=\"\"\n                                             class=\"w-full\" \/>\n                                    <\/div>\n                                                                \n                                <!-- Text Content Box with spacing -->\n                                                                <div class=\"bg-secondary flex-1 column-padding-sm flex flex-col\">\n                                                                        \n                                                                            <div class=\"prose mb-3 p-small-max text-white\">\n                                            <h3 class=\"p\"><strong>Glasindustrie<\/strong><\/h3>\n<p>&nbsp;<\/p>\n<p>Die Herstellung und Verarbeitung von Gl\u00e4sern ist oft mit besonderen Belastungen durch L\u00e4rm, Hitze und Emissionen verbunden. Wir bieten Ihnen deswegen sowohl modulare als auch individuelle L\u00f6sungen.<\/p>                                        <\/div>\n                                                                        \n                                                                            <div class=\"mt-auto\">\n                                            <a href=\"https:\/\/kaschwig.de\/branchenloesungen\/glasindustrie\/\" \n                                               class=\"inline-flex items-center justify-center px-5 py-3 btn btn-secondary btn-small\"\n                                               >\n                                                Mehr erfahren                                            <\/a>\n                                        <\/div>\n                                                                    <\/div>\n                            <\/div>\n                                                    <div class=\"flex flex-col h-full\">\n\n                                                                    <!-- Image Box -->\n                                    <div class=\"bg-white\">\n                                        <img decoding=\"async\" src=\"https:\/\/kaschwig.de\/wp-content\/uploads\/2025\/07\/Kaschwig_Branche_Baustoffindustrie.jpeg\"\n                                             alt=\"\"\n                                             class=\"w-full\" \/>\n                                    <\/div>\n                                                                \n                                <!-- Text Content Box with spacing -->\n                                                                <div class=\"bg-secondary flex-1 column-padding-sm flex flex-col\">\n                                                                        \n                                                                            <div class=\"prose mb-3 p-small-max text-white\">\n                                            <h3 class=\"p\"><strong>Baustoffindustrie<\/strong><\/h3>\n<p>&nbsp;<\/p>\n<p>Die Herstellung von Steinen und Betonprodukten und auch deren Weiterverarbeitung stellt besondere Herausforderungen an Konzepte f\u00fcr Arbeitsschutz und Emissionsschutz dar<\/p>                                        <\/div>\n                                                                        \n                                                                            <div class=\"mt-auto\">\n                                            <a href=\"https:\/\/kaschwig.de\/branchenloesungen\/baustoffindustrie\/\" \n                                               class=\"inline-flex items-center justify-center px-5 py-3 btn btn-secondary btn-small\"\n                                               >\n                                                Mehr erfahren                                            <\/a>\n                                        <\/div>\n                                                                    <\/div>\n                            <\/div>\n                                                    <div class=\"flex flex-col h-full\">\n\n                                                                    <!-- Image Box -->\n                                    <div class=\"bg-white\">\n                                        <img decoding=\"async\" src=\"https:\/\/kaschwig.de\/wp-content\/uploads\/2025\/07\/Kaschwig_Recycling_Industrie.jpg\"\n                                             alt=\"\"\n                                             class=\"w-full\" \/>\n                                    <\/div>\n                                                                \n                                <!-- Text Content Box with spacing -->\n                                                                <div class=\"bg-secondary flex-1 column-padding-sm flex flex-col\">\n                                                                        \n                                                                            <div class=\"prose mb-3 p-small-max text-white\">\n                                            <h3 class=\"p\"><strong>Recyclingindustrie<\/strong><\/h3>\n<p>&nbsp;<\/p>\n<p>Moderne Recyclinganlagen sind gekennzeichnet von hoher Effizienz durch ausgereifte Verarbeitungstechniken. Entsprechend vielschichtig sind die damit verbundenen Herausforderungen an Arbeitsschutz und L\u00e4rmschutz in der Recyclingindustrie.<\/p>                                        <\/div>\n                                                                        \n                                                                            <div class=\"mt-auto\">\n                                            <a href=\"https:\/\/kaschwig.de\/branchenloesungen\/recyling-industrie\/\" \n                                               class=\"inline-flex items-center justify-center px-5 py-3 btn btn-secondary btn-small\"\n                                               >\n                                                Mehr erfahren                                            <\/a>\n                                        <\/div>\n                                                                    <\/div>\n                            <\/div>\n                                            <\/div>\n                            <\/div>\n        <\/div>\n    <\/div>\n<\/section>\n\n\n<section id=\"block_90e8363e9d44df24583e66679b6bab9c\" class=\"w-full text-content\">\n    <div class=\"container-padding\">\n        <div class=\"bg-teal\">\n                        <div class=\"column-padding-default\">\n                                    <div class=\"prose text-white\">\n                        <h2 class=\"p1\"><b>Industrieller Schallschutz \u2013 pr\u00e4zise, flexibel, sicher<\/b><b><\/b><\/h2>\n<p>&nbsp;<\/p>\n<p class=\"p1\">Dort, wo Maschinen auf Hochleistung laufen, entstehen L\u00e4rmemissionen, die weit \u00fcber zul\u00e4ssige Grenzwerte hinausgehen. Effektiver Schallschutz muss hier mehr leisten als nur d\u00e4mmen: Er muss sich exakt an die jeweilige L\u00e4rmquelle anpassen lassen, flexibel konfigurierbar sein und sich ohne Einschr\u00e4nkungen in die Produktionsabl\u00e4ufe integrieren.<\/p>\n<p>&nbsp;<\/p>\n<p class=\"p1\">Unsere Systeme sind f\u00fcr anspruchsvolle Industrieumgebungen konzipiert. Sie verbinden hohe Schalld\u00e4mmwerte mit modularem Aufbau, erm\u00f6glichen Nachr\u00fcstungen bei Prozessver\u00e4nderungen und bieten durch erg\u00e4nzbares Zubeh\u00f6r \u2013 wie Schiebet\u00fcren, Sichtfenster oder Sicherheitstechnik \u2013 maximale Praxistauglichkeit.<\/p>\n<p>&nbsp;<\/p>\n<p class=\"p1\"><strong>Besonders wichtig:<\/strong> Der Mensch steht im Mittelpunkt. Deshalb sind unsere L\u00f6sungen so entwickelt, dass sie auch in Kombination mit Staub-, Laser- oder Berstschutz zuverl\u00e4ssig zum ganzheitlichen Mitarbeiterschutz beitragen.<\/p>                    <\/div>\n                                \n                                                            <\/div>\n        <\/div>\n    <\/div>\n<\/section>\n\n\n<section id=\"contact-form-split-block_6c3a152406762d05c6fb154dbda6acff\" class=\"w-full contact-form-split-block\">\n    <div class=\"container-padding\">\n               <div class=\"px-[36px] pt-[36px] pb-[20px] md:pt-[50px] md:pb-[26px] 2xl:pt-[100px] 2xl:pb-[50px] md:px-0 text-black\">\n            <h2><span style=\"color: #e60005\">Kontaktformular<\/span><\/h2>         <\/div>\n            <div class=\"grid grid-cols-1 md:grid-cols-3 custom-gap\">\n        <div class=\"col-span-1 w-full order-last md:order-first h-full\">\n          <div class=\"hidden md:block h-full px-[20px] md:px-0 py-[20px] md:py-0 bg-primary md:bg-none text-white md:text-current\">\n                           <div class=\"hidden md:flex flex-col h-full\">\n                                  <div class=\"relative h-[55%] bg-accent\">\n                    <img decoding=\"async\" src=\"https:\/\/kaschwig.de\/wp-content\/uploads\/2025\/05\/Kaschwig-Bodo-Blumberg.png\" alt=\"Bodo Blumberg\" class=\"object-right-bottom absolute right-0 bottom-0 w-auto h-full\">\n                  <\/div>\n                                    <div class=\"h-[35%] form-address bg-primary\">\n                <p class=\"font-bold\">Bodo Blumberg<\/p>\n                                    <p class=\"text-base\">Leiter Vertrieb<\/p>\n                                                    <p class=\"mt-4\"> Tel.: <span class=\"font-bold\"><a href=\"tel:+492526930310\">+49 2526 9303-10<\/a><\/span><\/p>\n                                                    <p> E-Mail: <span class=\"font-bold\"><a href=\"mailto:blumberg@kaschwig.de\">blumberg@kaschwig.de<\/a><\/span><\/p>\n                                <\/div>\n               <\/div>\n                      <\/div>\n        <\/div>\n\n        <div class=\"md:col-span-2 order-first md:order-last\">\n          <div class=\"column-form\">\n            \n<div class=\"wpcf7 no-js\" id=\"wpcf7-f300-o1\" lang=\"en-US\" dir=\"ltr\" data-wpcf7-id=\"300\">\n<div class=\"screen-reader-response\"><p role=\"status\" aria-live=\"polite\" aria-atomic=\"true\"><\/p> <ul><\/ul><\/div>\n<form action=\"\/en\/wp-json\/wp\/v2\/pages\/220#wpcf7-f300-o1\" method=\"post\" class=\"wpcf7-form init\" aria-label=\"Contact form\" novalidate=\"novalidate\" data-status=\"init\">\n<fieldset class=\"hidden-fields-container\"><input type=\"hidden\" name=\"_wpcf7\" value=\"300\" \/><input type=\"hidden\" name=\"_wpcf7_version\" value=\"6.1.5\" \/><input type=\"hidden\" name=\"_wpcf7_locale\" value=\"en_US\" \/><input type=\"hidden\" name=\"_wpcf7_unit_tag\" value=\"wpcf7-f300-o1\" \/><input type=\"hidden\" name=\"_wpcf7_container_post\" value=\"0\" \/><input type=\"hidden\" name=\"_wpcf7_posted_data_hash\" value=\"\" \/>\n<\/fieldset>\n<div class=\"w-full\">\n   <div class=\"grid md:grid-cols-2 xl:grid-cols-5 custom-gap form-input-row\">\n      <div class=\"md:col-span-1 xl:col-span-3\"><span class=\"wpcf7-form-control-wrap\" data-name=\"nname\"><input size=\"40\" maxlength=\"400\" class=\"wpcf7-form-control wpcf7-text wpcf7-validates-as-required form-input bg-accent border border-gray-300\" aria-required=\"true\" aria-invalid=\"false\" placeholder=\"Name\" value=\"\" type=\"text\" name=\"nname\" \/><\/span><\/div>\n      <div class=\"md:col-span-1 xl:col-span-3\"><span class=\"wpcf7-form-control-wrap\" data-name=\"phone\"><input size=\"40\" maxlength=\"400\" class=\"wpcf7-form-control wpcf7-text wpcf7-validates-as-required form-input bg-accent border border-gray-300\" aria-required=\"true\" aria-invalid=\"false\" placeholder=\"Telefon\" value=\"\" type=\"text\" name=\"phone\" \/><\/span><\/div>\n   <\/div>\n   <div class=\"grid custom-gap form-input-row\">\n      <div class=\"md:col-span-1 xl:col-span-5\"><span class=\"wpcf7-form-control-wrap\" data-name=\"email\"><input size=\"40\" maxlength=\"400\" class=\"wpcf7-form-control wpcf7-email wpcf7-validates-as-required wpcf7-text wpcf7-validates-as-email form-input bg-accent border border-gray-300\" aria-required=\"true\" aria-invalid=\"false\" placeholder=\"E-Mail\" value=\"\" type=\"email\" name=\"email\" \/><\/span><\/div>\n   <\/div>\n   <div class=\"form-input-row\"><span class=\"wpcf7-form-control-wrap\" data-name=\"nachricht\"><textarea cols=\"40\" rows=\"10\" maxlength=\"2000\" class=\"wpcf7-form-control wpcf7-textarea wpcf7-validates-as-required form-input bg-accent border border-gray-300\" aria-required=\"true\" aria-invalid=\"false\" placeholder=\"Ihre Nachricht\" name=\"nachricht\"><\/textarea><\/span><\/div>\n   <div class=\"flex flex-col md:flex-row items-start md:items-center gap-4\">\n      <div class=\"grid grid-cols-3 custom-gap w-full\">\n         <div class=\"col-span-3 md:col-span-2 flex items-center\">\n            <span class=\"wpcf7-form-control-wrap\" data-name=\"pixel-datenschutz\"><span class=\"wpcf7-form-control wpcf7-acceptance\"><span class=\"wpcf7-list-item\"><input type=\"checkbox\" name=\"pixel-datenschutz\" value=\"1\" class=\"mr-2\" aria-invalid=\"false\" \/><\/span><\/span><\/span>\n            <label for=\"privacy\" class=\"text-highlight\">\n               Ich akzeptiere den <span class=\"text-primary\">\n                  <a href=\"\/quicklinks\/datenschutz\/\" target=\"_blank\">Datenschutz<\/a>\n               <\/span>\n            <\/label>\n         <\/div>\n         <div class=\"col-span-3 md:col-span-1 flex md:justify-end\">\n          <div class=\"wpcf7-turnstile cf-turnstile\" data-sitekey=\"0x4AAAAAACqI7JXWV35siZUh\" data-response-field-name=\"_wpcf7_turnstile_response\" data-appearance=\"interaction-only\" data-theme=\"light\" data-language=\"de\"><\/div>\n         <\/div>\n         <span id=\"wpcf7-69feaadc6a099-wrapper\" class=\"wpcf7-form-control-wrap p-email-wrap\" style=\"display:none !important; visibility:hidden !important;\"><label for=\"wpcf7-69feaadc6a099-field\" class=\"hp-message\">Please leave this field empty.<\/label><input id=\"wpcf7-69feaadc6a099-field\"  class=\"wpcf7-form-control wpcf7-text\" type=\"text\" name=\"p-email\" value=\"\" size=\"40\" tabindex=\"-1\" autocomplete=\"new-password\" \/><\/span>\n         <div class=\"col-span-2 md:col-span-2\">\n            <div class=\"flex md:justify-start relative\">\n               <input class=\"wpcf7-form-control wpcf7-submit has-spinner btn btn-primary\" type=\"submit\" value=\"Senden\" \/>\n            <\/div>\n         <\/div>\n      <\/div>\n   <\/div>\n<\/div><div class=\"wpcf7-response-output\" aria-hidden=\"true\"><\/div>\n<\/form>\n<\/div>\n          <\/div>\n        <\/div>\n        \n      <\/div>\n    <\/div>\n<\/section>","protected":false},"excerpt":{"rendered":"","protected":false},"author":1,"featured_media":0,"parent":211,"menu_order":0,"comment_status":"closed","ping_status":"closed","template":"template-homepage.php","meta":{"_acf_changed":false,"footnotes":""},"class_list":["post-220","page","type-page","status-publish","hentry"],"acf":[],"_links":{"self":[{"href":"https:\/\/kaschwig.de\/en\/wp-json\/wp\/v2\/pages\/220","targetHints":{"allow":["GET"]}}],"collection":[{"href":"https:\/\/kaschwig.de\/en\/wp-json\/wp\/v2\/pages"}],"about":[{"href":"https:\/\/kaschwig.de\/en\/wp-json\/wp\/v2\/types\/page"}],"author":[{"embeddable":true,"href":"https:\/\/kaschwig.de\/en\/wp-json\/wp\/v2\/users\/1"}],"replies":[{"embeddable":true,"href":"https:\/\/kaschwig.de\/en\/wp-json\/wp\/v2\/comments?post=220"}],"version-history":[{"count":42,"href":"https:\/\/kaschwig.de\/en\/wp-json\/wp\/v2\/pages\/220\/revisions"}],"predecessor-version":[{"id":1501,"href":"https:\/\/kaschwig.de\/en\/wp-json\/wp\/v2\/pages\/220\/revisions\/1501"}],"up":[{"embeddable":true,"href":"https:\/\/kaschwig.de\/en\/wp-json\/wp\/v2\/pages\/211"}],"wp:attachment":[{"href":"https:\/\/kaschwig.de\/en\/wp-json\/wp\/v2\/media?parent=220"}],"curies":[{"name":"wp","href":"https:\/\/api.w.org\/{rel}","templated":true}]}}