{"id":1092,"date":"2025-06-13T13:16:23","date_gmt":"2025-06-13T13:16:23","guid":{"rendered":"https:\/\/db-webdev.de\/unicorn\/kaschwig-staging\/?page_id=1092"},"modified":"2025-08-07T09:44:50","modified_gmt":"2025-08-07T09:44:50","slug":"services","status":"publish","type":"page","link":"https:\/\/kaschwig.de\/en\/unternehmen\/leistungen\/","title":{"rendered":"Services"},"content":{"rendered":"<section id=\"block_aa8bece987e0c7c033279f98accdae6c\" class=\"w-full text-image-split-hero\">\n    <div class=\"container-padding\">\n        <div class=\"grid grid-cols-1 md:grid-cols-[62%_38%] bg-accent text-black\">\n            <!-- Text Column -->\n            <div class=\"column-padding-default\">\n                                                     <div class=\"prose\">\n                        <p><span style=\"color: #e60005\"><strong>KASCHWIG KONZEPTPLANUNG<\/strong><\/span><\/p>\n<h1>Unsere Leistungen<\/h1>\n<p>&nbsp;<\/p>\n<p>F\u00fcr maximale Effizienz und ein optimales Ergebnis unterst\u00fctzen wir unsere Kunden als Full-Service-Partner. Gemeinsam mit ihnen entwickeln wir passgenaue Konzepte und setzen diese in unserer hauseigenen Konstruktion um. Au\u00dferdem bieten wir umfangreiche Service-Leistungen auch nach der Montage unserer Produkte.<\/p>\n<p>&nbsp;<\/p>\n<p>So erhalten Sie eine ideale L\u00f6sung von einem Wegbegleiter f\u00fcr nachhaltigen L\u00e4rmschutz.<\/p>                    <\/div>\n                                \n                                    <!-- Icon\/Logo Section -->\n                    <div class=\"flex mt-[40px] xl:mt-[80px]\">\n                        <div>\n                            <img decoding=\"async\" src=\"https:\/\/kaschwig.de\/wp-content\/themes\/kaschwig-dbwebdev\/assets\/logo\/logo_icon_red.svg\" \n                                alt=\"Kaschwig Logo\" \n                                class=\"logo-icon\">\n                        <\/div>\n                    <\/div>\n                            <\/div>\n            \n            <!-- Image Column -->\n            <div class=\"relative h-full overflow-hidden min-h-[250px] md:min-h-[350px] lg:min-h-[400px] xl:min-h-[350px] flex justify-end\">\n                                    <img decoding=\"async\" src=\"https:\/\/kaschwig.de\/wp-content\/uploads\/2025\/06\/Teammember-Leistungen-neu.png\" \n                        alt=\"\" \n                        class=\"max-h-[360px] object-contain object-right-bottom ml-auto md:max-h-full md:absolute md:right-0 md:bottom-0 md:w-auto md:h-full\" \/>\n                            <\/div>\n        <\/div>\n    <\/div>\n<\/section>\n\n\n<section id=\"block_0c961b99465a5afdef5cbbbd6ff4039a\" class=\"w-full logo-grid\">\n    <div class=\"container-padding\">\n      <div class=\"column-padding-default bg-secondary\"> \n                \n                <div class=\"flex flex-wrap items-center justify-center gap-x-[20px] md:gap-x-[50px] xl:gap-x-[100px] gap-y-[20px]\">\n                            <div class=\"logo-item flex items-center justify-center\">\n                                        \n                    <div class=\"justify-center flex items-center flex-col text-center\">\n                    <img decoding=\"async\" \n                        src=\"https:\/\/kaschwig.de\/wp-content\/uploads\/2025\/06\/Kaschwig-Analyse.png\" \n                        alt=\"Kaschwig Leistungen Analyse\" \n                        class=\"max-h-[25px] md:max-h-[35px] 2xl:max-h-[100px] w-auto h-auto object-contain\"\n                    \/>\n                                             <div class=\"icon-subtitle text-white\">Analyse<\/div>\n                                        <\/div>\n                    \n                                    <\/div>\n                            <div class=\"logo-item flex items-center justify-center\">\n                                        \n                    <div class=\"justify-center flex items-center flex-col text-center\">\n                    <img decoding=\"async\" \n                        src=\"https:\/\/kaschwig.de\/wp-content\/uploads\/2025\/06\/Kaschwig-Beratung.png\" \n                        alt=\"Kaschwig Leistungen Beratung\" \n                        class=\"max-h-[25px] md:max-h-[35px] 2xl:max-h-[100px] w-auto h-auto object-contain\"\n                    \/>\n                                             <div class=\"icon-subtitle text-white\">Beratung<\/div>\n                                        <\/div>\n                    \n                                    <\/div>\n                            <div class=\"logo-item flex items-center justify-center\">\n                                        \n                    <div class=\"justify-center flex items-center flex-col text-center\">\n                    <img decoding=\"async\" \n                        src=\"https:\/\/kaschwig.de\/wp-content\/uploads\/2025\/06\/Kaschwig-Konstruktion.png\" \n                        alt=\"Kaschwig Leistungen Konstruktion\" \n                        class=\"max-h-[25px] md:max-h-[35px] 2xl:max-h-[100px] w-auto h-auto object-contain\"\n                    \/>\n                                             <div class=\"icon-subtitle text-white\">Konstruktion<\/div>\n                                        <\/div>\n                    \n                                    <\/div>\n                            <div class=\"logo-item flex items-center justify-center\">\n                                        \n                    <div class=\"justify-center flex items-center flex-col text-center\">\n                    <img decoding=\"async\" \n                        src=\"https:\/\/kaschwig.de\/wp-content\/uploads\/2025\/06\/Kaschwig-Produktion.png\" \n                        alt=\"Kaschwig Leistungen Produktion\" \n                        class=\"max-h-[25px] md:max-h-[35px] 2xl:max-h-[100px] w-auto h-auto object-contain\"\n                    \/>\n                                             <div class=\"icon-subtitle text-white\">Produktion<\/div>\n                                        <\/div>\n                    \n                                    <\/div>\n                            <div class=\"logo-item flex items-center justify-center\">\n                                        \n                    <div class=\"justify-center flex items-center flex-col text-center\">\n                    <img decoding=\"async\" \n                        src=\"https:\/\/kaschwig.de\/wp-content\/uploads\/2025\/06\/Kaschwig-Montage.png\" \n                        alt=\"Kaschwig Leistungen Montage\" \n                        class=\"max-h-[25px] md:max-h-[35px] 2xl:max-h-[100px] w-auto h-auto object-contain\"\n                    \/>\n                                             <div class=\"icon-subtitle text-white\">Montage<\/div>\n                                        <\/div>\n                    \n                                    <\/div>\n                            <div class=\"logo-item flex items-center justify-center\">\n                                        \n                    <div class=\"justify-center flex items-center flex-col text-center\">\n                    <img decoding=\"async\" \n                        src=\"https:\/\/kaschwig.de\/wp-content\/uploads\/2025\/06\/Kaschwig-Service.png\" \n                        alt=\"Kaschwig Leistungen Service\" \n                        class=\"max-h-[25px] md:max-h-[35px] 2xl:max-h-[100px] w-auto h-auto object-contain\"\n                    \/>\n                                             <div class=\"icon-subtitle text-white\">Service<\/div>\n                                        <\/div>\n                    \n                                    <\/div>\n                    <\/div>\n              <\/div>\n    <\/div>\n<\/section>\n\n\n<section id=\"block_c615da19de3823d7ed94b73cf0d0b7fb\" class=\"w-full image-text-columns\">\n    <div class=\"container-padding\">\n        <div class=\"bg-white\">\n            <div>\n                                \n                                    <div class=\"grid grid-cols-1 md:grid-cols-3 custom-gap mt-4 equal-height-grid\">\n                                                    <div class=\"flex flex-col h-full\">\n\n                                                                    <!-- Image Box -->\n                                    <div class=\"bg-white\">\n                                        <img decoding=\"async\" src=\"https:\/\/kaschwig.de\/wp-content\/uploads\/2025\/06\/Kaschwig-Leistungen-Analyse-Beratung.png\"\n                                             alt=\"\"\n                                             class=\"w-full\" \/>\n                                    <\/div>\n                                                                \n                                <!-- Text Content Box with spacing -->\n                                                                <div class=\"bg-accent flex-1 column-padding-sm flex flex-col\">\n                                                                        \n                                                                            <div class=\"prose mb-3 p-small-max text-black\">\n                                            <h2 class=\"p\"><strong>Analyse und Beratung<\/strong><\/h2>\n<p>&nbsp;<\/p>\n<p>Die optimale L\u00f6sung finden wir mit Ihnen gemeinsam: wir analysieren den L\u00e4rm an Ihrer Maschine oder in Ihrer Produktion. Zusammen ermitteln wir, wie die Anforderungen Ihrer Anlage und Fertigung aussehen. Wir legen mit Ihnen fest, wie eine L\u00e4rm- oder Arbeitsschutzl\u00f6sung so in Ihre Produktion integriert werden kann, dass eine wirtschaftliche und technisch ausgereifte L\u00f6sung gefunden werden wird.<\/p>                                        <\/div>\n                                                                        \n                                                                    <\/div>\n                            <\/div>\n                                                    <div class=\"flex flex-col h-full\">\n\n                                                                    <!-- Image Box -->\n                                    <div class=\"bg-white\">\n                                        <img decoding=\"async\" src=\"https:\/\/kaschwig.de\/wp-content\/uploads\/2025\/06\/Kaschwig-Leistungen-Konstruktion-Produktion.png\"\n                                             alt=\"\"\n                                             class=\"w-full\" \/>\n                                    <\/div>\n                                                                \n                                <!-- Text Content Box with spacing -->\n                                                                <div class=\"bg-accent flex-1 column-padding-sm flex flex-col\">\n                                                                        \n                                                                            <div class=\"prose mb-3 p-small-max text-black\">\n                                            <h2 class=\"p\"><strong>Konstruktion und Produktion<\/strong><\/h2>\n<p>&nbsp;<\/p>\n<p>Unser Konstruktionsteam erstellt Ihnen technische Zeichnungen und Informationen zu Ihrem Auftrag, die Ihnen helfen, alle gemeinsam festgelegten Anforderungen nachzuvollziehen. In unserer modernen Produktion sorgen wir dann f\u00fcr die optimale Umsetzung der f\u00fcr Sie erarbeiteten L\u00f6sung.<\/p>                                        <\/div>\n                                                                        \n                                                                    <\/div>\n                            <\/div>\n                                                    <div class=\"flex flex-col h-full\">\n\n                                                                    <!-- Image Box -->\n                                    <div class=\"bg-white\">\n                                        <img decoding=\"async\" src=\"https:\/\/kaschwig.de\/wp-content\/uploads\/2025\/06\/Kaschwig-Leistungen-Montage-Service.png\"\n                                             alt=\"\"\n                                             class=\"w-full\" \/>\n                                    <\/div>\n                                                                \n                                <!-- Text Content Box with spacing -->\n                                                                <div class=\"bg-accent flex-1 column-padding-sm flex flex-col\">\n                                                                        \n                                                                            <div class=\"prose mb-3 p-small-max text-black\">\n                                            <h2 class=\"p\"><strong>Montage und Service<\/strong><\/h2>\n<p>&nbsp;<\/p>\n<p>Unsere Montageteams sichern dann die fachgerechte Installation der L\u00e4rmschutzl\u00f6sung in Ihrer Produktion \u2013 auf Wunsch auch gerne in gemeinsamer Montage mit Ihrem Personal. Nach der erfolgreichen Installation stehen wir Ihnen weiterhin f\u00fcr etwaige Erweiterungen oder Umbauten gerne zur Verf\u00fcgung. Durch unser Baukastensystem kann der L\u00e4rmschutz sich flexibel mit Ihrer Produktion weiterentwickeln.<\/p>                                        <\/div>\n                                                                        \n                                                                    <\/div>\n                            <\/div>\n                                            <\/div>\n                            <\/div>\n        <\/div>\n    <\/div>\n<\/section>\n\n\n<section id=\"contact-form-split-block_4e556b9bee3707b2f9936d30b7f466ca\" class=\"w-full contact-form-split-block\">\n    <div class=\"container-padding\">\n               <div class=\"px-[36px] pt-[36px] pb-[20px] md:pt-[50px] md:pb-[26px] 2xl:pt-[100px] 2xl:pb-[50px] md:px-0 text-black\">\n            <h2><span style=\"color: #e60005\">Kontakt<\/span><\/h2>         <\/div>\n            <div class=\"grid grid-cols-1 md:grid-cols-3 custom-gap\">\n        <div class=\"col-span-1 w-full order-last md:order-first h-full\">\n          <div class=\"hidden md:block h-full px-[20px] md:px-0 py-[20px] md:py-0 bg-primary md:bg-none text-white md:text-current\">\n                           <div class=\"hidden md:flex flex-col h-full\">\n                                  <div class=\"relative h-[55%] bg-accent\">\n                    <img decoding=\"async\" src=\"https:\/\/kaschwig.de\/wp-content\/uploads\/2025\/05\/Kaschwig-Michael-Sendermann-2.png\" alt=\"Michael Sendermann\" class=\"object-right-bottom absolute right-0 bottom-0 w-auto h-full\">\n                  <\/div>\n                                    <div class=\"h-[35%] form-address bg-primary\">\n                <p class=\"font-bold\">Michael Sendermann<\/p>\n                                    <p class=\"text-base\">Gesch\u00e4ftsf\u00fchrer<\/p>\n                                                    <p class=\"mt-4\"> Tel.: <span class=\"font-bold\"><a href=\"tel:+492526930334\">+49 2526 9303-34<\/a><\/span><\/p>\n                                                    <p> E-Mail: <span class=\"font-bold\"><a href=\"mailto:sendermann@kaschwig.de\">sendermann@kaschwig.de<\/a><\/span><\/p>\n                                <\/div>\n               <\/div>\n                      <\/div>\n        <\/div>\n\n        <div class=\"md:col-span-2 order-first md:order-last\">\n          <div class=\"column-form\">\n            \n<div class=\"wpcf7 no-js\" id=\"wpcf7-f300-o1\" lang=\"en-US\" dir=\"ltr\" data-wpcf7-id=\"300\">\n<div class=\"screen-reader-response\"><p role=\"status\" aria-live=\"polite\" aria-atomic=\"true\"><\/p> <ul><\/ul><\/div>\n<form action=\"\/en\/wp-json\/wp\/v2\/pages\/1092#wpcf7-f300-o1\" method=\"post\" class=\"wpcf7-form init\" aria-label=\"Contact form\" novalidate=\"novalidate\" data-status=\"init\">\n<fieldset class=\"hidden-fields-container\"><input type=\"hidden\" name=\"_wpcf7\" value=\"300\" \/><input type=\"hidden\" name=\"_wpcf7_version\" value=\"6.1.5\" \/><input type=\"hidden\" name=\"_wpcf7_locale\" value=\"en_US\" \/><input type=\"hidden\" name=\"_wpcf7_unit_tag\" value=\"wpcf7-f300-o1\" \/><input type=\"hidden\" name=\"_wpcf7_container_post\" value=\"0\" \/><input type=\"hidden\" name=\"_wpcf7_posted_data_hash\" value=\"\" \/>\n<\/fieldset>\n<div class=\"w-full\">\n   <div class=\"grid md:grid-cols-2 xl:grid-cols-5 custom-gap form-input-row\">\n      <div class=\"md:col-span-1 xl:col-span-3\"><span class=\"wpcf7-form-control-wrap\" data-name=\"nname\"><input size=\"40\" maxlength=\"400\" class=\"wpcf7-form-control wpcf7-text wpcf7-validates-as-required form-input bg-accent border border-gray-300\" aria-required=\"true\" aria-invalid=\"false\" placeholder=\"Name\" value=\"\" type=\"text\" name=\"nname\" \/><\/span><\/div>\n      <div class=\"md:col-span-1 xl:col-span-3\"><span class=\"wpcf7-form-control-wrap\" data-name=\"phone\"><input size=\"40\" maxlength=\"400\" class=\"wpcf7-form-control wpcf7-text wpcf7-validates-as-required form-input bg-accent border border-gray-300\" aria-required=\"true\" aria-invalid=\"false\" placeholder=\"Telefon\" value=\"\" type=\"text\" name=\"phone\" \/><\/span><\/div>\n   <\/div>\n   <div class=\"grid custom-gap form-input-row\">\n      <div class=\"md:col-span-1 xl:col-span-5\"><span class=\"wpcf7-form-control-wrap\" data-name=\"email\"><input size=\"40\" maxlength=\"400\" class=\"wpcf7-form-control wpcf7-email wpcf7-validates-as-required wpcf7-text wpcf7-validates-as-email form-input bg-accent border border-gray-300\" aria-required=\"true\" aria-invalid=\"false\" placeholder=\"E-Mail\" value=\"\" type=\"email\" name=\"email\" \/><\/span><\/div>\n   <\/div>\n   <div class=\"form-input-row\"><span class=\"wpcf7-form-control-wrap\" data-name=\"nachricht\"><textarea cols=\"40\" rows=\"10\" maxlength=\"2000\" class=\"wpcf7-form-control wpcf7-textarea wpcf7-validates-as-required form-input bg-accent border border-gray-300\" aria-required=\"true\" aria-invalid=\"false\" placeholder=\"Ihre Nachricht\" name=\"nachricht\"><\/textarea><\/span><\/div>\n   <div class=\"flex flex-col md:flex-row items-start md:items-center gap-4\">\n      <div class=\"grid grid-cols-3 custom-gap w-full\">\n         <div class=\"col-span-3 md:col-span-2 flex items-center\">\n            <span class=\"wpcf7-form-control-wrap\" data-name=\"pixel-datenschutz\"><span class=\"wpcf7-form-control wpcf7-acceptance\"><span class=\"wpcf7-list-item\"><input type=\"checkbox\" name=\"pixel-datenschutz\" value=\"1\" class=\"mr-2\" aria-invalid=\"false\" \/><\/span><\/span><\/span>\n            <label for=\"privacy\" class=\"text-highlight\">\n               Ich akzeptiere den <span class=\"text-primary\">\n                  <a href=\"\/quicklinks\/datenschutz\/\" target=\"_blank\">Datenschutz<\/a>\n               <\/span>\n            <\/label>\n         <\/div>\n         <div class=\"col-span-3 md:col-span-1 flex md:justify-end\">\n          <div class=\"wpcf7-turnstile cf-turnstile\" data-sitekey=\"0x4AAAAAACqI7JXWV35siZUh\" data-response-field-name=\"_wpcf7_turnstile_response\" data-appearance=\"interaction-only\" data-theme=\"light\" data-language=\"de\"><\/div>\n         <\/div>\n         <span id=\"wpcf7-69f2799f1e3e4-wrapper\" class=\"wpcf7-form-control-wrap p-email-wrap\" style=\"display:none !important; visibility:hidden !important;\"><label for=\"wpcf7-69f2799f1e3e4-field\" class=\"hp-message\">Please leave this field empty.<\/label><input id=\"wpcf7-69f2799f1e3e4-field\"  class=\"wpcf7-form-control wpcf7-text\" type=\"text\" name=\"p-email\" value=\"\" size=\"40\" tabindex=\"-1\" autocomplete=\"new-password\" \/><\/span>\n         <div class=\"col-span-2 md:col-span-2\">\n            <div class=\"flex md:justify-start relative\">\n               <input class=\"wpcf7-form-control wpcf7-submit has-spinner btn btn-primary\" type=\"submit\" value=\"Senden\" \/>\n            <\/div>\n         <\/div>\n      <\/div>\n   <\/div>\n<\/div><div class=\"wpcf7-response-output\" aria-hidden=\"true\"><\/div>\n<\/form>\n<\/div>\n          <\/div>\n        <\/div>\n        \n      <\/div>\n    <\/div>\n<\/section>","protected":false},"excerpt":{"rendered":"","protected":false},"author":1,"featured_media":0,"parent":213,"menu_order":0,"comment_status":"closed","ping_status":"closed","template":"template-homepage.php","meta":{"_acf_changed":false,"footnotes":""},"class_list":["post-1092","page","type-page","status-publish","hentry"],"acf":[],"_links":{"self":[{"href":"https:\/\/kaschwig.de\/en\/wp-json\/wp\/v2\/pages\/1092","targetHints":{"allow":["GET"]}}],"collection":[{"href":"https:\/\/kaschwig.de\/en\/wp-json\/wp\/v2\/pages"}],"about":[{"href":"https:\/\/kaschwig.de\/en\/wp-json\/wp\/v2\/types\/page"}],"author":[{"embeddable":true,"href":"https:\/\/kaschwig.de\/en\/wp-json\/wp\/v2\/users\/1"}],"replies":[{"embeddable":true,"href":"https:\/\/kaschwig.de\/en\/wp-json\/wp\/v2\/comments?post=1092"}],"version-history":[{"count":11,"href":"https:\/\/kaschwig.de\/en\/wp-json\/wp\/v2\/pages\/1092\/revisions"}],"predecessor-version":[{"id":1438,"href":"https:\/\/kaschwig.de\/en\/wp-json\/wp\/v2\/pages\/1092\/revisions\/1438"}],"up":[{"embeddable":true,"href":"https:\/\/kaschwig.de\/en\/wp-json\/wp\/v2\/pages\/213"}],"wp:attachment":[{"href":"https:\/\/kaschwig.de\/en\/wp-json\/wp\/v2\/media?parent=1092"}],"curies":[{"name":"wp","href":"https:\/\/api.w.org\/{rel}","templated":true}]}}